{"id":368,"date":"2025-10-09T14:07:52","date_gmt":"2025-10-09T14:07:52","guid":{"rendered":"https:\/\/almasiklima.hu\/?page_id=368"},"modified":"2025-11-24T10:49:17","modified_gmt":"2025-11-24T10:49:17","slug":"impresszum","status":"publish","type":"page","link":"https:\/\/almasiklima.hu\/en_gb\/impresszum\/","title":{"rendered":"IMPRESUSE"},"content":{"rendered":"<div data-elementor-type=\"wp-page\" data-elementor-id=\"368\" class=\"elementor elementor-368\" data-elementor-post-type=\"page\">\n\t\t\t\t<div class=\"elementor-element elementor-element-9c8bb47 e-flex e-con-boxed e-con e-parent\" data-id=\"9c8bb47\" data-element_type=\"container\" data-e-type=\"container\" data-settings=\"{&quot;background_background&quot;:&quot;classic&quot;}\">\n\t\t\t\t\t<div class=\"e-con-inner\">\n\t\t<div class=\"elementor-element elementor-element-5011dd0 e-con-full e-flex e-con e-child\" data-id=\"5011dd0\" data-element_type=\"container\" data-e-type=\"container\">\n\t\t\t\t<div class=\"elementor-element elementor-element-698af3f elementor-widget elementor-widget-heading\" data-id=\"698af3f\" data-element_type=\"widget\" data-e-type=\"widget\" data-widget_type=\"heading.default\">\n\t\t\t\t<div class=\"elementor-widget-container\">\n\t\t\t\t\t<h2 class=\"elementor-heading-title elementor-size-default\">IMPRESUSE<\/h2>\t\t\t\t<\/div>\n\t\t\t\t<\/div>\n\t\t\t\t<\/div>\n\t\t\t\t\t<\/div>\n\t\t\t\t<\/div>\n\t\t<div class=\"elementor-element elementor-element-b492d22 e-flex e-con-boxed e-con e-parent\" data-id=\"b492d22\" data-element_type=\"container\" data-e-type=\"container\">\n\t\t\t\t\t<div class=\"e-con-inner\">\n\t\t\t\t<div class=\"elementor-element elementor-element-729b622 elementor-widget elementor-widget-shortcode\" data-id=\"729b622\" data-element_type=\"widget\" data-e-type=\"widget\" data-widget_type=\"shortcode.default\">\n\t\t\t\t<div class=\"elementor-widget-container\">\n\t\t\t\t\t\t\t<div class=\"elementor-shortcode\"><script id=\"barat_script\">var st = document.createElement(\"script\");st.src = \"\/\/admin.fogyasztobarat.hu\/e-api.js\";st.type = \"text\/javascript\";st.setAttribute(\"data-id\", \"CYI3N26U\");st.setAttribute(\"id\", \"fbarat-embed\");st.setAttribute(\"data-type\", \"ws_imp\");var s = document.getElementById(\"barat_script\");s.parentNode.insertBefore(st, s);<\/script><\/div>\n\t\t\t\t\t\t<\/div>\n\t\t\t\t<\/div>\n\t\t\t\t\t<\/div>\n\t\t\t\t<\/div>\n\t\t<div class=\"elementor-element elementor-element-ab0c049 e-flex e-con-boxed e-con e-parent\" data-id=\"ab0c049\" data-element_type=\"container\" data-e-type=\"container\">\n\t\t\t\t\t<div class=\"e-con-inner\">\n\t\t<div class=\"elementor-element elementor-element-d52f6fd e-con-full e-flex e-con e-child\" data-id=\"d52f6fd\" data-element_type=\"container\" data-e-type=\"container\">\n\t\t<div class=\"elementor-element elementor-element-9a2ad81 e-con-full e-flex e-con e-child\" data-id=\"9a2ad81\" data-element_type=\"container\" data-e-type=\"container\">\n\t\t\t\t<div class=\"elementor-element elementor-element-5e72161 elementor-widget elementor-widget-text-editor\" data-id=\"5e72161\" data-element_type=\"widget\" data-e-type=\"widget\" data-widget_type=\"text-editor.default\">\n\t\t\t\t<div class=\"elementor-widget-container\">\n\t\t\t\t\t\t\t\t\t<h5 data-start=\"381\" data-end=\"679\"><strong data-start=\"381\" data-end=\"416\">Operator \/ Service provider details<\/strong><\/h5><p data-start=\"381\" data-end=\"679\"><strong data-start=\"419\" data-end=\"436\">Name \/ Company name:<\/strong> Alm\u00e1si G\u00e1bor e.v.<br data-start=\"454\" data-end=\"457\" \/><strong data-start=\"457\" data-end=\"470\">Seat:<\/strong> HU 4266 F\u00fcl\u00f6p, 10, Kindergarten street<br data-start=\"499\" data-end=\"502\" \/><strong data-start=\"502\" data-end=\"516\">Representative:<\/strong> G\u00e1bor Alm\u00e1si (self-employed)<br data-start=\"549\" data-end=\"552\" \/><strong data-start=\"552\" data-end=\"564\">Tax number:<\/strong> 56373505-1-51<br data-start=\"578\" data-end=\"581\" \/><strong data-start=\"581\" data-end=\"605\">Registration number:<\/strong> -<br data-start=\"607\" data-end=\"610\" \/><strong data-start=\"610\" data-end=\"622\">Telephone:<\/strong> 06 70 617 4008<br data-start=\"637\" data-end=\"640\" \/><strong data-start=\"640\" data-end=\"651\">E-mail:<\/strong> <a class=\"decorated-link cursor-pointer\" rel=\"noopener\" data-start=\"652\" data-end=\"677\">almasi.gabor.ev@gmail.com<\/a><\/p><p data-start=\"681\" data-end=\"834\"><strong data-start=\"681\" data-end=\"697\">Activity:<\/strong> Air conditioning disassembly, installation, maintenance, cleaning<br data-start=\"747\" data-end=\"750\" \/><strong data-start=\"750\" data-end=\"774\">Type of service:<\/strong> Residential and commercial air conditioning installation, service, cleaning<\/p>\t\t\t\t\t\t\t\t<\/div>\n\t\t\t\t<\/div>\n\t\t\t\t<\/div>\n\t\t\t\t<\/div>\n\t\t<div class=\"elementor-element elementor-element-56b3c52 e-con-full e-flex e-con e-child\" data-id=\"56b3c52\" data-element_type=\"container\" data-e-type=\"container\">\n\t\t<div class=\"elementor-element elementor-element-99675ce e-con-full e-flex e-con e-child\" data-id=\"99675ce\" data-element_type=\"container\" data-e-type=\"container\">\n\t\t\t\t<div class=\"elementor-element elementor-element-b2a444f elementor-widget elementor-widget-text-editor\" data-id=\"b2a444f\" data-element_type=\"widget\" data-e-type=\"widget\" data-widget_type=\"text-editor.default\">\n\t\t\t\t<div class=\"elementor-widget-container\">\n\t\t\t\t\t\t\t\t\t<h5 data-start=\"841\" data-end=\"873\">Details of the hosting provider<\/h5><p data-start=\"875\" data-end=\"1134\"><strong data-start=\"875\" data-end=\"886\">Company name:<\/strong> DEVBOX Ltd.<br data-start=\"898\" data-end=\"901\" \/><strong data-start=\"901\" data-end=\"914\">Seat:<\/strong> 7054 Tengelic, R\u00e1k\u00f3czi Ferenc u. 9.<br data-start=\"950\" data-end=\"953\" \/><strong data-start=\"953\" data-end=\"972\">Company registration number:<\/strong> 17-09-010568<br data-start=\"985\" data-end=\"988\" \/><strong data-start=\"988\" data-end=\"1000\">Tax number:<\/strong> 25170605-2-17<br data-start=\"1014\" data-end=\"1017\" \/><strong data-start=\"1017\" data-end=\"1042\">Registration authority:<\/strong> Szeksz\u00e1rd Court of Justice of the General Court of Szeksz\u00e1rd<br data-start=\"1077\" data-end=\"1080\" \/><strong data-start=\"1080\" data-end=\"1093\">Website:<\/strong> <a class=\"decorated-link cursor-pointer\" target=\"_new\" rel=\"noopener\" data-start=\"1094\" data-end=\"1132\">https:\/\/devbox.hu<\/a><\/p>\t\t\t\t\t\t\t\t<\/div>\n\t\t\t\t<\/div>\n\t\t\t\t<\/div>\n\t\t\t\t<\/div>\n\t\t\t\t\t<\/div>\n\t\t\t\t<\/div>\n\t\t\t\t<\/div>","protected":false},"excerpt":{"rendered":"<p>IMPRESSZUM \u00dczemeltet\u0151 \/ Szolg\u00e1ltat\u00f3 adatai N\u00e9v \/ C\u00e9gn\u00e9v: Alm\u00e1si G\u00e1bor e.v.Sz\u00e9khely: HU 4266 F\u00fcl\u00f6p, \u00d3voda utca 10K\u00e9pvisel\u0151: Alm\u00e1si G\u00e1bor (egy\u00e9ni v\u00e1llalkoz\u00f3)Ad\u00f3sz\u00e1m: 56373505-1-51Nyilv\u00e1ntart\u00e1si sz\u00e1m: \u2013Telefon: 06 70 617 4008E-mail: almasi.gabor.ev@gmail.com Tev\u00e9kenys\u00e9g: Kl\u00edmaszerel\u00e9s, telep\u00edt\u00e9s, karbantart\u00e1s, tiszt\u00edt\u00e1sSzolg\u00e1ltat\u00e1s t\u00edpusa: Lakoss\u00e1gi \u00e9s v\u00e1llalati kl\u00edmatelep\u00edt\u00e9s, szerviz, tiszt\u00edt\u00e1s T\u00e1rhelyszolg\u00e1ltat\u00f3 adatai C\u00e9gn\u00e9v: DEVBOX Kft.Sz\u00e9khely: 7054 Tengelic, R\u00e1k\u00f3czi Ferenc u. 9.C\u00e9gjegyz\u00e9ksz\u00e1m: 17-09-010568Ad\u00f3sz\u00e1m: 25170605-2-17Nyilv\u00e1ntart\u00f3 hat\u00f3s\u00e1g: [&hellip;]<\/p>\n","protected":false},"author":1,"featured_media":0,"parent":0,"menu_order":0,"comment_status":"closed","ping_status":"closed","template":"elementor_header_footer","meta":{"footnotes":""},"class_list":["post-368","page","type-page","status-publish","hentry"],"yoast_head":"<!-- This site is optimized with the Yoast SEO plugin v27.3 - https:\/\/yoast.com\/product\/yoast-seo-wordpress\/ -->\n<title>IMPRESSZUM - almasiklima.hu<\/title>\n<meta name=\"robots\" content=\"index, follow, max-snippet:-1, max-image-preview:large, max-video-preview:-1\" \/>\n<link rel=\"canonical\" href=\"https:\/\/almasiklima.hu\/en_gb\/impresszum\/\" \/>\n<meta property=\"og:locale\" content=\"en_GB\" \/>\n<meta property=\"og:type\" content=\"article\" \/>\n<meta property=\"og:title\" content=\"IMPRESSZUM - almasiklima.hu\" \/>\n<meta property=\"og:description\" content=\"IMPRESSZUM \u00dczemeltet\u0151 \/ Szolg\u00e1ltat\u00f3 adatai N\u00e9v \/ C\u00e9gn\u00e9v: Alm\u00e1si G\u00e1bor e.v.Sz\u00e9khely: HU 4266 F\u00fcl\u00f6p, \u00d3voda utca 10K\u00e9pvisel\u0151: Alm\u00e1si G\u00e1bor (egy\u00e9ni v\u00e1llalkoz\u00f3)Ad\u00f3sz\u00e1m: 56373505-1-51Nyilv\u00e1ntart\u00e1si sz\u00e1m: \u2013Telefon: 06 70 617 4008E-mail: almasi.gabor.ev@gmail.com Tev\u00e9kenys\u00e9g: Kl\u00edmaszerel\u00e9s, telep\u00edt\u00e9s, karbantart\u00e1s, tiszt\u00edt\u00e1sSzolg\u00e1ltat\u00e1s t\u00edpusa: Lakoss\u00e1gi \u00e9s v\u00e1llalati kl\u00edmatelep\u00edt\u00e9s, szerviz, tiszt\u00edt\u00e1s T\u00e1rhelyszolg\u00e1ltat\u00f3 adatai C\u00e9gn\u00e9v: DEVBOX Kft.Sz\u00e9khely: 7054 Tengelic, R\u00e1k\u00f3czi Ferenc u. 9.C\u00e9gjegyz\u00e9ksz\u00e1m: 17-09-010568Ad\u00f3sz\u00e1m: 25170605-2-17Nyilv\u00e1ntart\u00f3 hat\u00f3s\u00e1g: [&hellip;]\" \/>\n<meta property=\"og:url\" content=\"https:\/\/almasiklima.hu\/en_gb\/impresszum\/\" \/>\n<meta property=\"og:site_name\" content=\"almasiklima.hu\" \/>\n<meta property=\"article:modified_time\" content=\"2025-11-24T10:49:17+00:00\" \/>\n<meta name=\"twitter:card\" content=\"summary_large_image\" \/>\n<meta name=\"twitter:label1\" content=\"Estimated reading time\" \/>\n\t<meta name=\"twitter:data1\" content=\"1 minute\" \/>\n<script type=\"application\/ld+json\" class=\"yoast-schema-graph\">{\"@context\":\"https:\\\/\\\/schema.org\",\"@graph\":[{\"@type\":\"WebPage\",\"@id\":\"https:\\\/\\\/almasiklima.hu\\\/impresszum\\\/\",\"url\":\"https:\\\/\\\/almasiklima.hu\\\/impresszum\\\/\",\"name\":\"IMPRESSZUM - almasiklima.hu\",\"isPartOf\":{\"@id\":\"https:\\\/\\\/almasiklima.hu\\\/#website\"},\"datePublished\":\"2025-10-09T14:07:52+00:00\",\"dateModified\":\"2025-11-24T10:49:17+00:00\",\"breadcrumb\":{\"@id\":\"https:\\\/\\\/almasiklima.hu\\\/impresszum\\\/#breadcrumb\"},\"inLanguage\":\"en-GB\",\"potentialAction\":[{\"@type\":\"ReadAction\",\"target\":[\"https:\\\/\\\/almasiklima.hu\\\/impresszum\\\/\"]}]},{\"@type\":\"BreadcrumbList\",\"@id\":\"https:\\\/\\\/almasiklima.hu\\\/impresszum\\\/#breadcrumb\",\"itemListElement\":[{\"@type\":\"ListItem\",\"position\":1,\"name\":\"Home\",\"item\":\"https:\\\/\\\/almasiklima.hu\\\/\"},{\"@type\":\"ListItem\",\"position\":2,\"name\":\"IMPRESSZUM\"}]},{\"@type\":\"WebSite\",\"@id\":\"https:\\\/\\\/almasiklima.hu\\\/#website\",\"url\":\"https:\\\/\\\/almasiklima.hu\\\/\",\"name\":\"almasiklima.hu\",\"description\":\"\",\"publisher\":{\"@id\":\"https:\\\/\\\/almasiklima.hu\\\/#organization\"},\"potentialAction\":[{\"@type\":\"SearchAction\",\"target\":{\"@type\":\"EntryPoint\",\"urlTemplate\":\"https:\\\/\\\/almasiklima.hu\\\/?s={search_term_string}\"},\"query-input\":{\"@type\":\"PropertyValueSpecification\",\"valueRequired\":true,\"valueName\":\"search_term_string\"}}],\"inLanguage\":\"en-GB\"},{\"@type\":\"Organization\",\"@id\":\"https:\\\/\\\/almasiklima.hu\\\/#organization\",\"name\":\"almasiklima.hu\",\"url\":\"https:\\\/\\\/almasiklima.hu\\\/\",\"logo\":{\"@type\":\"ImageObject\",\"inLanguage\":\"en-GB\",\"@id\":\"https:\\\/\\\/almasiklima.hu\\\/#\\\/schema\\\/logo\\\/image\\\/\",\"url\":\"https:\\\/\\\/almasiklima.hu\\\/wp-content\\\/uploads\\\/2025\\\/09\\\/Almasi-Gabor-Almasi-Klima-Logo-1-scaled-e1762855207980.png\",\"contentUrl\":\"https:\\\/\\\/almasiklima.hu\\\/wp-content\\\/uploads\\\/2025\\\/09\\\/Almasi-Gabor-Almasi-Klima-Logo-1-scaled-e1762855207980.png\",\"width\":2560,\"height\":806,\"caption\":\"almasiklima.hu\"},\"image\":{\"@id\":\"https:\\\/\\\/almasiklima.hu\\\/#\\\/schema\\\/logo\\\/image\\\/\"}}]}<\/script>\n<!-- \/ Yoast SEO plugin. -->","yoast_head_json":{"title":"IMPRESSZUM - almasiklima.hu","robots":{"index":"index","follow":"follow","max-snippet":"max-snippet:-1","max-image-preview":"max-image-preview:large","max-video-preview":"max-video-preview:-1"},"canonical":"https:\/\/almasiklima.hu\/en_gb\/impresszum\/","og_locale":"en_GB","og_type":"article","og_title":"IMPRESSZUM - almasiklima.hu","og_description":"IMPRESSZUM \u00dczemeltet\u0151 \/ Szolg\u00e1ltat\u00f3 adatai N\u00e9v \/ C\u00e9gn\u00e9v: Alm\u00e1si G\u00e1bor e.v.Sz\u00e9khely: HU 4266 F\u00fcl\u00f6p, \u00d3voda utca 10K\u00e9pvisel\u0151: Alm\u00e1si G\u00e1bor (egy\u00e9ni v\u00e1llalkoz\u00f3)Ad\u00f3sz\u00e1m: 56373505-1-51Nyilv\u00e1ntart\u00e1si sz\u00e1m: \u2013Telefon: 06 70 617 4008E-mail: almasi.gabor.ev@gmail.com Tev\u00e9kenys\u00e9g: Kl\u00edmaszerel\u00e9s, telep\u00edt\u00e9s, karbantart\u00e1s, tiszt\u00edt\u00e1sSzolg\u00e1ltat\u00e1s t\u00edpusa: Lakoss\u00e1gi \u00e9s v\u00e1llalati kl\u00edmatelep\u00edt\u00e9s, szerviz, tiszt\u00edt\u00e1s T\u00e1rhelyszolg\u00e1ltat\u00f3 adatai C\u00e9gn\u00e9v: DEVBOX Kft.Sz\u00e9khely: 7054 Tengelic, R\u00e1k\u00f3czi Ferenc u. 9.C\u00e9gjegyz\u00e9ksz\u00e1m: 17-09-010568Ad\u00f3sz\u00e1m: 25170605-2-17Nyilv\u00e1ntart\u00f3 hat\u00f3s\u00e1g: [&hellip;]","og_url":"https:\/\/almasiklima.hu\/en_gb\/impresszum\/","og_site_name":"almasiklima.hu","article_modified_time":"2025-11-24T10:49:17+00:00","twitter_card":"summary_large_image","twitter_misc":{"Estimated reading time":"1 minute"},"schema":{"@context":"https:\/\/schema.org","@graph":[{"@type":"WebPage","@id":"https:\/\/almasiklima.hu\/impresszum\/","url":"https:\/\/almasiklima.hu\/impresszum\/","name":"IMPRESSZUM - almasiklima.hu","isPartOf":{"@id":"https:\/\/almasiklima.hu\/#website"},"datePublished":"2025-10-09T14:07:52+00:00","dateModified":"2025-11-24T10:49:17+00:00","breadcrumb":{"@id":"https:\/\/almasiklima.hu\/impresszum\/#breadcrumb"},"inLanguage":"en-GB","potentialAction":[{"@type":"ReadAction","target":["https:\/\/almasiklima.hu\/impresszum\/"]}]},{"@type":"BreadcrumbList","@id":"https:\/\/almasiklima.hu\/impresszum\/#breadcrumb","itemListElement":[{"@type":"ListItem","position":1,"name":"Home","item":"https:\/\/almasiklima.hu\/"},{"@type":"ListItem","position":2,"name":"IMPRESSZUM"}]},{"@type":"WebSite","@id":"https:\/\/almasiklima.hu\/#website","url":"https:\/\/almasiklima.hu\/","name":"almasiklima.hu","description":"","publisher":{"@id":"https:\/\/almasiklima.hu\/#organization"},"potentialAction":[{"@type":"SearchAction","target":{"@type":"EntryPoint","urlTemplate":"https:\/\/almasiklima.hu\/?s={search_term_string}"},"query-input":{"@type":"PropertyValueSpecification","valueRequired":true,"valueName":"search_term_string"}}],"inLanguage":"en-GB"},{"@type":"Organization","@id":"https:\/\/almasiklima.hu\/#organization","name":"almasiklima.hu","url":"https:\/\/almasiklima.hu\/","logo":{"@type":"ImageObject","inLanguage":"en-GB","@id":"https:\/\/almasiklima.hu\/#\/schema\/logo\/image\/","url":"https:\/\/almasiklima.hu\/wp-content\/uploads\/2025\/09\/Almasi-Gabor-Almasi-Klima-Logo-1-scaled-e1762855207980.png","contentUrl":"https:\/\/almasiklima.hu\/wp-content\/uploads\/2025\/09\/Almasi-Gabor-Almasi-Klima-Logo-1-scaled-e1762855207980.png","width":2560,"height":806,"caption":"almasiklima.hu"},"image":{"@id":"https:\/\/almasiklima.hu\/#\/schema\/logo\/image\/"}}]}},"_links":{"self":[{"href":"https:\/\/almasiklima.hu\/en_gb\/wp-json\/wp\/v2\/pages\/368","targetHints":{"allow":["GET"]}}],"collection":[{"href":"https:\/\/almasiklima.hu\/en_gb\/wp-json\/wp\/v2\/pages"}],"about":[{"href":"https:\/\/almasiklima.hu\/en_gb\/wp-json\/wp\/v2\/types\/page"}],"author":[{"embeddable":true,"href":"https:\/\/almasiklima.hu\/en_gb\/wp-json\/wp\/v2\/users\/1"}],"replies":[{"embeddable":true,"href":"https:\/\/almasiklima.hu\/en_gb\/wp-json\/wp\/v2\/comments?post=368"}],"version-history":[{"count":16,"href":"https:\/\/almasiklima.hu\/en_gb\/wp-json\/wp\/v2\/pages\/368\/revisions"}],"predecessor-version":[{"id":504,"href":"https:\/\/almasiklima.hu\/en_gb\/wp-json\/wp\/v2\/pages\/368\/revisions\/504"}],"wp:attachment":[{"href":"https:\/\/almasiklima.hu\/en_gb\/wp-json\/wp\/v2\/media?parent=368"}],"curies":[{"name":"wp","href":"https:\/\/api.w.org\/{rel}","templated":true}]}}