{"id":362,"date":"2025-10-09T14:06:30","date_gmt":"2025-10-09T14:06:30","guid":{"rendered":"https:\/\/almasiklima.hu\/?page_id=362"},"modified":"2025-11-24T10:48:47","modified_gmt":"2025-11-24T10:48:47","slug":"adatkezelesi-tajekoztato","status":"publish","type":"page","link":"https:\/\/almasiklima.hu\/en_gb\/adatkezelesi-tajekoztato\/","title":{"rendered":"Adatkezel\u00e9si t\u00e1j\u00e9koztat\u00f3"},"content":{"rendered":"<div data-elementor-type=\"wp-page\" data-elementor-id=\"362\" class=\"elementor elementor-362\" data-elementor-post-type=\"page\">\n\t\t\t\t<div class=\"elementor-element elementor-element-83ab1a3 e-flex e-con-boxed e-con e-parent\" data-id=\"83ab1a3\" data-element_type=\"container\" data-e-type=\"container\" data-settings=\"{&quot;background_background&quot;:&quot;classic&quot;}\">\n\t\t\t\t\t<div class=\"e-con-inner\">\n\t\t<div class=\"elementor-element elementor-element-1e8912f e-con-full e-flex e-con e-child\" data-id=\"1e8912f\" data-element_type=\"container\" data-e-type=\"container\">\n\t\t\t\t<div class=\"elementor-element elementor-element-7726712 elementor-widget elementor-widget-heading\" data-id=\"7726712\" data-element_type=\"widget\" data-e-type=\"widget\" data-widget_type=\"heading.default\">\n\t\t\t\t<div class=\"elementor-widget-container\">\n\t\t\t\t\t<h2 class=\"elementor-heading-title elementor-size-default\">Data Processing Notice<\/h2>\t\t\t\t<\/div>\n\t\t\t\t<\/div>\n\t\t\t\t<\/div>\n\t\t\t\t\t<\/div>\n\t\t\t\t<\/div>\n\t\t<div class=\"elementor-element elementor-element-87c522d e-flex e-con-boxed e-con e-parent\" data-id=\"87c522d\" data-element_type=\"container\" data-e-type=\"container\">\n\t\t\t\t\t<div class=\"e-con-inner\">\n\t\t\t\t<div class=\"elementor-element elementor-element-367662d elementor-widget elementor-widget-shortcode\" data-id=\"367662d\" data-element_type=\"widget\" data-e-type=\"widget\" data-widget_type=\"shortcode.default\">\n\t\t\t\t<div class=\"elementor-widget-container\">\n\t\t\t\t\t\t\t<div class=\"elementor-shortcode\"><script id=\"barat_script\">var st = document.createElement(\"script\");st.src = \"\/\/admin.fogyasztobarat.hu\/e-api.js\";st.type = \"text\/javascript\";st.setAttribute(\"data-id\", \"CYI3N26U\");st.setAttribute(\"id\", \"fbarat-embed\");st.setAttribute(\"data-type\", \"ws_at\");var s = document.getElementById(\"barat_script\");s.parentNode.insertBefore(st, s);<\/script><\/div>\n\t\t\t\t\t\t<\/div>\n\t\t\t\t<\/div>\n\t\t\t\t\t<\/div>\n\t\t\t\t<\/div>\n\t\t\t\t<\/div>","protected":false},"excerpt":{"rendered":"<p>Data Processing Notice<\/p>","protected":false},"author":1,"featured_media":0,"parent":0,"menu_order":0,"comment_status":"closed","ping_status":"closed","template":"elementor_header_footer","meta":{"footnotes":""},"class_list":["post-362","page","type-page","status-publish","hentry"],"yoast_head":"<!-- This site is optimized with the Yoast SEO plugin v27.3 - https:\/\/yoast.com\/product\/yoast-seo-wordpress\/ -->\n<title>Adatkezel\u00e9si t\u00e1j\u00e9koztat\u00f3 - almasiklima.hu<\/title>\n<meta name=\"robots\" content=\"index, follow, max-snippet:-1, max-image-preview:large, max-video-preview:-1\" \/>\n<link rel=\"canonical\" href=\"https:\/\/almasiklima.hu\/en_gb\/adatkezelesi-tajekoztato\/\" \/>\n<meta property=\"og:locale\" content=\"en_GB\" \/>\n<meta property=\"og:type\" content=\"article\" \/>\n<meta property=\"og:title\" content=\"Adatkezel\u00e9si t\u00e1j\u00e9koztat\u00f3 - almasiklima.hu\" \/>\n<meta property=\"og:description\" content=\"Adatkezel\u00e9si T\u00e1j\u00e9koztat\u00f3\" \/>\n<meta property=\"og:url\" content=\"https:\/\/almasiklima.hu\/en_gb\/adatkezelesi-tajekoztato\/\" \/>\n<meta property=\"og:site_name\" content=\"almasiklima.hu\" \/>\n<meta property=\"article:modified_time\" content=\"2025-11-24T10:48:47+00:00\" \/>\n<meta name=\"twitter:card\" content=\"summary_large_image\" \/>\n<meta name=\"twitter:label1\" content=\"Estimated reading time\" \/>\n\t<meta name=\"twitter:data1\" content=\"1 minute\" \/>\n<script type=\"application\/ld+json\" class=\"yoast-schema-graph\">{\"@context\":\"https:\\\/\\\/schema.org\",\"@graph\":[{\"@type\":\"WebPage\",\"@id\":\"https:\\\/\\\/almasiklima.hu\\\/adatkezelesi-tajekoztato\\\/\",\"url\":\"https:\\\/\\\/almasiklima.hu\\\/adatkezelesi-tajekoztato\\\/\",\"name\":\"Adatkezel\u00e9si t\u00e1j\u00e9koztat\u00f3 - almasiklima.hu\",\"isPartOf\":{\"@id\":\"https:\\\/\\\/almasiklima.hu\\\/#website\"},\"datePublished\":\"2025-10-09T14:06:30+00:00\",\"dateModified\":\"2025-11-24T10:48:47+00:00\",\"breadcrumb\":{\"@id\":\"https:\\\/\\\/almasiklima.hu\\\/adatkezelesi-tajekoztato\\\/#breadcrumb\"},\"inLanguage\":\"en-GB\",\"potentialAction\":[{\"@type\":\"ReadAction\",\"target\":[\"https:\\\/\\\/almasiklima.hu\\\/adatkezelesi-tajekoztato\\\/\"]}]},{\"@type\":\"BreadcrumbList\",\"@id\":\"https:\\\/\\\/almasiklima.hu\\\/adatkezelesi-tajekoztato\\\/#breadcrumb\",\"itemListElement\":[{\"@type\":\"ListItem\",\"position\":1,\"name\":\"Home\",\"item\":\"https:\\\/\\\/almasiklima.hu\\\/\"},{\"@type\":\"ListItem\",\"position\":2,\"name\":\"Adatkezel\u00e9si t\u00e1j\u00e9koztat\u00f3\"}]},{\"@type\":\"WebSite\",\"@id\":\"https:\\\/\\\/almasiklima.hu\\\/#website\",\"url\":\"https:\\\/\\\/almasiklima.hu\\\/\",\"name\":\"almasiklima.hu\",\"description\":\"\",\"publisher\":{\"@id\":\"https:\\\/\\\/almasiklima.hu\\\/#organization\"},\"potentialAction\":[{\"@type\":\"SearchAction\",\"target\":{\"@type\":\"EntryPoint\",\"urlTemplate\":\"https:\\\/\\\/almasiklima.hu\\\/?s={search_term_string}\"},\"query-input\":{\"@type\":\"PropertyValueSpecification\",\"valueRequired\":true,\"valueName\":\"search_term_string\"}}],\"inLanguage\":\"en-GB\"},{\"@type\":\"Organization\",\"@id\":\"https:\\\/\\\/almasiklima.hu\\\/#organization\",\"name\":\"almasiklima.hu\",\"url\":\"https:\\\/\\\/almasiklima.hu\\\/\",\"logo\":{\"@type\":\"ImageObject\",\"inLanguage\":\"en-GB\",\"@id\":\"https:\\\/\\\/almasiklima.hu\\\/#\\\/schema\\\/logo\\\/image\\\/\",\"url\":\"https:\\\/\\\/almasiklima.hu\\\/wp-content\\\/uploads\\\/2025\\\/09\\\/Almasi-Gabor-Almasi-Klima-Logo-1-scaled-e1762855207980.png\",\"contentUrl\":\"https:\\\/\\\/almasiklima.hu\\\/wp-content\\\/uploads\\\/2025\\\/09\\\/Almasi-Gabor-Almasi-Klima-Logo-1-scaled-e1762855207980.png\",\"width\":2560,\"height\":806,\"caption\":\"almasiklima.hu\"},\"image\":{\"@id\":\"https:\\\/\\\/almasiklima.hu\\\/#\\\/schema\\\/logo\\\/image\\\/\"}}]}<\/script>\n<!-- \/ Yoast SEO plugin. -->","yoast_head_json":{"title":"Adatkezel\u00e9si t\u00e1j\u00e9koztat\u00f3 - almasiklima.hu","robots":{"index":"index","follow":"follow","max-snippet":"max-snippet:-1","max-image-preview":"max-image-preview:large","max-video-preview":"max-video-preview:-1"},"canonical":"https:\/\/almasiklima.hu\/en_gb\/adatkezelesi-tajekoztato\/","og_locale":"en_GB","og_type":"article","og_title":"Adatkezel\u00e9si t\u00e1j\u00e9koztat\u00f3 - almasiklima.hu","og_description":"Adatkezel\u00e9si T\u00e1j\u00e9koztat\u00f3","og_url":"https:\/\/almasiklima.hu\/en_gb\/adatkezelesi-tajekoztato\/","og_site_name":"almasiklima.hu","article_modified_time":"2025-11-24T10:48:47+00:00","twitter_card":"summary_large_image","twitter_misc":{"Estimated reading time":"1 minute"},"schema":{"@context":"https:\/\/schema.org","@graph":[{"@type":"WebPage","@id":"https:\/\/almasiklima.hu\/adatkezelesi-tajekoztato\/","url":"https:\/\/almasiklima.hu\/adatkezelesi-tajekoztato\/","name":"Adatkezel\u00e9si t\u00e1j\u00e9koztat\u00f3 - almasiklima.hu","isPartOf":{"@id":"https:\/\/almasiklima.hu\/#website"},"datePublished":"2025-10-09T14:06:30+00:00","dateModified":"2025-11-24T10:48:47+00:00","breadcrumb":{"@id":"https:\/\/almasiklima.hu\/adatkezelesi-tajekoztato\/#breadcrumb"},"inLanguage":"en-GB","potentialAction":[{"@type":"ReadAction","target":["https:\/\/almasiklima.hu\/adatkezelesi-tajekoztato\/"]}]},{"@type":"BreadcrumbList","@id":"https:\/\/almasiklima.hu\/adatkezelesi-tajekoztato\/#breadcrumb","itemListElement":[{"@type":"ListItem","position":1,"name":"Home","item":"https:\/\/almasiklima.hu\/"},{"@type":"ListItem","position":2,"name":"Adatkezel\u00e9si t\u00e1j\u00e9koztat\u00f3"}]},{"@type":"WebSite","@id":"https:\/\/almasiklima.hu\/#website","url":"https:\/\/almasiklima.hu\/","name":"almasiklima.hu","description":"","publisher":{"@id":"https:\/\/almasiklima.hu\/#organization"},"potentialAction":[{"@type":"SearchAction","target":{"@type":"EntryPoint","urlTemplate":"https:\/\/almasiklima.hu\/?s={search_term_string}"},"query-input":{"@type":"PropertyValueSpecification","valueRequired":true,"valueName":"search_term_string"}}],"inLanguage":"en-GB"},{"@type":"Organization","@id":"https:\/\/almasiklima.hu\/#organization","name":"almasiklima.hu","url":"https:\/\/almasiklima.hu\/","logo":{"@type":"ImageObject","inLanguage":"en-GB","@id":"https:\/\/almasiklima.hu\/#\/schema\/logo\/image\/","url":"https:\/\/almasiklima.hu\/wp-content\/uploads\/2025\/09\/Almasi-Gabor-Almasi-Klima-Logo-1-scaled-e1762855207980.png","contentUrl":"https:\/\/almasiklima.hu\/wp-content\/uploads\/2025\/09\/Almasi-Gabor-Almasi-Klima-Logo-1-scaled-e1762855207980.png","width":2560,"height":806,"caption":"almasiklima.hu"},"image":{"@id":"https:\/\/almasiklima.hu\/#\/schema\/logo\/image\/"}}]}},"_links":{"self":[{"href":"https:\/\/almasiklima.hu\/en_gb\/wp-json\/wp\/v2\/pages\/362","targetHints":{"allow":["GET"]}}],"collection":[{"href":"https:\/\/almasiklima.hu\/en_gb\/wp-json\/wp\/v2\/pages"}],"about":[{"href":"https:\/\/almasiklima.hu\/en_gb\/wp-json\/wp\/v2\/types\/page"}],"author":[{"embeddable":true,"href":"https:\/\/almasiklima.hu\/en_gb\/wp-json\/wp\/v2\/users\/1"}],"replies":[{"embeddable":true,"href":"https:\/\/almasiklima.hu\/en_gb\/wp-json\/wp\/v2\/comments?post=362"}],"version-history":[{"count":19,"href":"https:\/\/almasiklima.hu\/en_gb\/wp-json\/wp\/v2\/pages\/362\/revisions"}],"predecessor-version":[{"id":501,"href":"https:\/\/almasiklima.hu\/en_gb\/wp-json\/wp\/v2\/pages\/362\/revisions\/501"}],"wp:attachment":[{"href":"https:\/\/almasiklima.hu\/en_gb\/wp-json\/wp\/v2\/media?parent=362"}],"curies":[{"name":"wp","href":"https:\/\/api.w.org\/{rel}","templated":true}]}}